{"id":714,"date":"2021-01-19T13:50:52","date_gmt":"2021-01-19T13:50:52","guid":{"rendered":"https:\/\/kalts.ee\/?page_id=714"},"modified":"2021-01-19T13:50:53","modified_gmt":"2021-01-19T13:50:53","slug":"vota-uhendust","status":"publish","type":"page","link":"https:\/\/www.kalts.ee\/?page_id=714","title":{"rendered":"V\u00f5ta \u00fchendust!"},"content":{"rendered":"<div class=\"wpforms-container wpforms-container-full wpforms-block\" id=\"wpforms-713\"><form id=\"wpforms-form-713\" class=\"wpforms-validate wpforms-form\" data-formid=\"713\" method=\"post\" enctype=\"multipart\/form-data\" action=\"\/index.php?rest_route=%2Fwp%2Fv2%2Fpages%2F714\" data-token=\"09ae84b7d6ad33ded8827d29ab3e30ba\" data-token-time=\"1777402574\"><noscript class=\"wpforms-error-noscript\">Please enable JavaScript in your browser to complete this form.<\/noscript><div class=\"wpforms-field-container\"><div id=\"wpforms-713-field_0-container\" class=\"wpforms-field wpforms-field-name\" data-field-id=\"0\"><label class=\"wpforms-field-label\" for=\"wpforms-713-field_0\">Nimi <span class=\"wpforms-required-label\">*<\/span><\/label><input type=\"text\" id=\"wpforms-713-field_0\" class=\"wpforms-field-medium wpforms-field-required\" name=\"wpforms[fields][0]\" required><\/div><div id=\"wpforms-713-field_1-container\" class=\"wpforms-field wpforms-field-email\" data-field-id=\"1\"><label class=\"wpforms-field-label\" for=\"wpforms-713-field_1\">Email <span class=\"wpforms-required-label\">*<\/span><\/label><input type=\"email\" id=\"wpforms-713-field_1\" class=\"wpforms-field-medium wpforms-field-required\" name=\"wpforms[fields][1]\" spellcheck=\"false\" required><\/div><div id=\"wpforms-713-field_4-container\" class=\"wpforms-field wpforms-field-text\" data-field-id=\"4\"><label class=\"wpforms-field-label\" for=\"wpforms-713-field_4\">Aadress<\/label><input type=\"text\" id=\"wpforms-713-field_4\" class=\"wpforms-field-medium\" name=\"wpforms[fields][4]\" ><\/div><div id=\"wpforms-713-field_5-container\" class=\"wpforms-field wpforms-field-number\" data-field-id=\"5\"><label class=\"wpforms-field-label\" for=\"wpforms-713-field_5\">Telefoni number<\/label><input type=\"number\" id=\"wpforms-713-field_5\" class=\"wpforms-field-medium\" name=\"wpforms[fields][5]\" step=\"any\" ><\/div><div id=\"wpforms-713-field_2-container\" class=\"wpforms-field wpforms-field-textarea\" data-field-id=\"2\"><label class=\"wpforms-field-label\" for=\"wpforms-713-field_2\">Kirja sisu <span class=\"wpforms-required-label\">*<\/span><\/label><textarea id=\"wpforms-713-field_2\" class=\"wpforms-field-medium wpforms-field-required\" name=\"wpforms[fields][2]\" required><\/textarea><\/div><\/div><!-- .wpforms-field-container --><div class=\"wpforms-recaptcha-container wpforms-is-hcaptcha\" ><div class=\"h-captcha\" data-sitekey=\"f932e5bf-1a10-4257-8ff4-c0c7d2e40f56\"><\/div><input type=\"text\" name=\"g-recaptcha-hidden\" class=\"wpforms-recaptcha-hidden\" style=\"position:absolute!important;clip:rect(0,0,0,0)!important;height:1px!important;width:1px!important;border:0!important;overflow:hidden!important;padding:0!important;margin:0!important;\" data-rule-hcaptcha=\"1\"><\/div><div class=\"wpforms-submit-container\" ><input type=\"hidden\" name=\"wpforms[id]\" value=\"713\"><input type=\"hidden\" name=\"page_title\" value=\"\"><input type=\"hidden\" name=\"page_url\" value=\"https:\/\/www.kalts.ee\/index.php?rest_route=\/wp\/v2\/pages\/714\"><input type=\"hidden\" name=\"url_referer\" value=\"\"><button type=\"submit\" name=\"wpforms[submit]\" id=\"wpforms-submit-713\" class=\"wpforms-submit\" data-alt-text=\"Saatmine...\" data-submit-text=\"Saada\" aria-live=\"assertive\" value=\"wpforms-submit\">Saada<\/button><\/div><\/form><\/div>  <!-- .wpforms-container -->","protected":false},"excerpt":{"rendered":"","protected":false},"author":1,"featured_media":0,"parent":0,"menu_order":0,"comment_status":"closed","ping_status":"closed","template":"","meta":{"site-sidebar-layout":"default","site-content-layout":"","ast-site-content-layout":"default","site-content-style":"default","site-sidebar-style":"default","ast-global-header-display":"","ast-banner-title-visibility":"","ast-main-header-display":"","ast-hfb-above-header-display":"","ast-hfb-below-header-display":"","ast-hfb-mobile-header-display":"","site-post-title":"","ast-breadcrumbs-content":"","ast-featured-img":"","footer-sml-layout":"","ast-disable-related-posts":"","theme-transparent-header-meta":"","adv-header-id-meta":"","stick-header-meta":"","header-above-stick-meta":"","header-main-stick-meta":"","header-below-stick-meta":"","astra-migrate-meta-layouts":"default","ast-page-background-enabled":"default","ast-page-background-meta":{"desktop":{"background-color":"","background-image":"","background-repeat":"repeat","background-position":"center center","background-size":"auto","background-attachment":"scroll","background-type":"","background-media":"","overlay-type":"","overlay-color":"","overlay-opacity":"","overlay-gradient":""},"tablet":{"background-color":"","background-image":"","background-repeat":"repeat","background-position":"center center","background-size":"auto","background-attachment":"scroll","background-type":"","background-media":"","overlay-type":"","overlay-color":"","overlay-opacity":"","overlay-gradient":""},"mobile":{"background-color":"","background-image":"","background-repeat":"repeat","background-position":"center center","background-size":"auto","background-attachment":"scroll","background-type":"","background-media":"","overlay-type":"","overlay-color":"","overlay-opacity":"","overlay-gradient":""}},"ast-content-background-meta":{"desktop":{"background-color":"var(--ast-global-color-5)","background-image":"","background-repeat":"repeat","background-position":"center center","background-size":"auto","background-attachment":"scroll","background-type":"","background-media":"","overlay-type":"","overlay-color":"","overlay-opacity":"","overlay-gradient":""},"tablet":{"background-color":"var(--ast-global-color-5)","background-image":"","background-repeat":"repeat","background-position":"center center","background-size":"auto","background-attachment":"scroll","background-type":"","background-media":"","overlay-type":"","overlay-color":"","overlay-opacity":"","overlay-gradient":""},"mobile":{"background-color":"var(--ast-global-color-5)","background-image":"","background-repeat":"repeat","background-position":"center center","background-size":"auto","background-attachment":"scroll","background-type":"","background-media":"","overlay-type":"","overlay-color":"","overlay-opacity":"","overlay-gradient":""}},"footnotes":""},"class_list":["post-714","page","type-page","status-publish","hentry"],"yoast_head":"<!-- This site is optimized with the Yoast SEO plugin v27.5 - https:\/\/yoast.com\/product\/yoast-seo-wordpress\/ -->\n<title>V\u00f5ta \u00fchendust! -<\/title>\n<meta name=\"robots\" content=\"index, follow, max-snippet:-1, max-image-preview:large, max-video-preview:-1\" \/>\n<link rel=\"canonical\" href=\"https:\/\/www.kalts.ee\/?page_id=714\" \/>\n<meta property=\"og:locale\" content=\"et_EE\" \/>\n<meta property=\"og:type\" content=\"article\" \/>\n<meta property=\"og:title\" content=\"V\u00f5ta \u00fchendust! -\" \/>\n<meta property=\"og:url\" content=\"https:\/\/www.kalts.ee\/?page_id=714\" \/>\n<meta property=\"article:modified_time\" content=\"2021-01-19T13:50:53+00:00\" \/>\n<meta name=\"twitter:card\" content=\"summary_large_image\" \/>\n<script type=\"application\/ld+json\" class=\"yoast-schema-graph\">{\"@context\":\"https:\\\/\\\/schema.org\",\"@graph\":[{\"@type\":\"WebPage\",\"@id\":\"https:\\\/\\\/www.kalts.ee\\\/?page_id=714\",\"url\":\"https:\\\/\\\/www.kalts.ee\\\/?page_id=714\",\"name\":\"V\u00f5ta \u00fchendust! -\",\"isPartOf\":{\"@id\":\"https:\\\/\\\/kalts.ee\\\/#website\"},\"datePublished\":\"2021-01-19T13:50:52+00:00\",\"dateModified\":\"2021-01-19T13:50:53+00:00\",\"breadcrumb\":{\"@id\":\"https:\\\/\\\/www.kalts.ee\\\/?page_id=714#breadcrumb\"},\"inLanguage\":\"et\",\"potentialAction\":[{\"@type\":\"ReadAction\",\"target\":[\"https:\\\/\\\/www.kalts.ee\\\/?page_id=714\"]}]},{\"@type\":\"BreadcrumbList\",\"@id\":\"https:\\\/\\\/www.kalts.ee\\\/?page_id=714#breadcrumb\",\"itemListElement\":[{\"@type\":\"ListItem\",\"position\":1,\"name\":\"Home\",\"item\":\"https:\\\/\\\/kalts.ee\\\/\"},{\"@type\":\"ListItem\",\"position\":2,\"name\":\"V\u00f5ta \u00fchendust!\"}]},{\"@type\":\"WebSite\",\"@id\":\"https:\\\/\\\/kalts.ee\\\/#website\",\"url\":\"https:\\\/\\\/kalts.ee\\\/\",\"name\":\"Keskkonnas\u00f5bralikud puhastuslapid Worknet O\u00dc\",\"description\":\"Keskkonnas\u00f5bralikud puhastuslapid ja kasutatud riided\",\"publisher\":{\"@id\":\"https:\\\/\\\/kalts.ee\\\/#organization\"},\"potentialAction\":[{\"@type\":\"SearchAction\",\"target\":{\"@type\":\"EntryPoint\",\"urlTemplate\":\"https:\\\/\\\/kalts.ee\\\/?s={search_term_string}\"},\"query-input\":{\"@type\":\"PropertyValueSpecification\",\"valueRequired\":true,\"valueName\":\"search_term_string\"}}],\"inLanguage\":\"et\"},{\"@type\":\"Organization\",\"@id\":\"https:\\\/\\\/kalts.ee\\\/#organization\",\"name\":\"Worknet O\u00dc\",\"url\":\"https:\\\/\\\/kalts.ee\\\/\",\"logo\":{\"@type\":\"ImageObject\",\"inLanguage\":\"et\",\"@id\":\"https:\\\/\\\/kalts.ee\\\/#\\\/schema\\\/logo\\\/image\\\/\",\"url\":\"https:\\\/\\\/kalts.ee\\\/wp-content\\\/uploads\\\/2020\\\/11\\\/Screenshot-3.png\",\"contentUrl\":\"https:\\\/\\\/kalts.ee\\\/wp-content\\\/uploads\\\/2020\\\/11\\\/Screenshot-3.png\",\"width\":466,\"height\":464,\"caption\":\"Worknet O\u00dc\"},\"image\":{\"@id\":\"https:\\\/\\\/kalts.ee\\\/#\\\/schema\\\/logo\\\/image\\\/\"}}]}<\/script>\n<!-- \/ Yoast SEO plugin. -->","yoast_head_json":{"title":"V\u00f5ta \u00fchendust! -","robots":{"index":"index","follow":"follow","max-snippet":"max-snippet:-1","max-image-preview":"max-image-preview:large","max-video-preview":"max-video-preview:-1"},"canonical":"https:\/\/www.kalts.ee\/?page_id=714","og_locale":"et_EE","og_type":"article","og_title":"V\u00f5ta \u00fchendust! -","og_url":"https:\/\/www.kalts.ee\/?page_id=714","article_modified_time":"2021-01-19T13:50:53+00:00","twitter_card":"summary_large_image","schema":{"@context":"https:\/\/schema.org","@graph":[{"@type":"WebPage","@id":"https:\/\/www.kalts.ee\/?page_id=714","url":"https:\/\/www.kalts.ee\/?page_id=714","name":"V\u00f5ta \u00fchendust! -","isPartOf":{"@id":"https:\/\/kalts.ee\/#website"},"datePublished":"2021-01-19T13:50:52+00:00","dateModified":"2021-01-19T13:50:53+00:00","breadcrumb":{"@id":"https:\/\/www.kalts.ee\/?page_id=714#breadcrumb"},"inLanguage":"et","potentialAction":[{"@type":"ReadAction","target":["https:\/\/www.kalts.ee\/?page_id=714"]}]},{"@type":"BreadcrumbList","@id":"https:\/\/www.kalts.ee\/?page_id=714#breadcrumb","itemListElement":[{"@type":"ListItem","position":1,"name":"Home","item":"https:\/\/kalts.ee\/"},{"@type":"ListItem","position":2,"name":"V\u00f5ta \u00fchendust!"}]},{"@type":"WebSite","@id":"https:\/\/kalts.ee\/#website","url":"https:\/\/kalts.ee\/","name":"Keskkonnas\u00f5bralikud puhastuslapid Worknet O\u00dc","description":"Keskkonnas\u00f5bralikud puhastuslapid ja kasutatud riided","publisher":{"@id":"https:\/\/kalts.ee\/#organization"},"potentialAction":[{"@type":"SearchAction","target":{"@type":"EntryPoint","urlTemplate":"https:\/\/kalts.ee\/?s={search_term_string}"},"query-input":{"@type":"PropertyValueSpecification","valueRequired":true,"valueName":"search_term_string"}}],"inLanguage":"et"},{"@type":"Organization","@id":"https:\/\/kalts.ee\/#organization","name":"Worknet O\u00dc","url":"https:\/\/kalts.ee\/","logo":{"@type":"ImageObject","inLanguage":"et","@id":"https:\/\/kalts.ee\/#\/schema\/logo\/image\/","url":"https:\/\/kalts.ee\/wp-content\/uploads\/2020\/11\/Screenshot-3.png","contentUrl":"https:\/\/kalts.ee\/wp-content\/uploads\/2020\/11\/Screenshot-3.png","width":466,"height":464,"caption":"Worknet O\u00dc"},"image":{"@id":"https:\/\/kalts.ee\/#\/schema\/logo\/image\/"}}]}},"_links":{"self":[{"href":"https:\/\/www.kalts.ee\/index.php?rest_route=\/wp\/v2\/pages\/714","targetHints":{"allow":["GET"]}}],"collection":[{"href":"https:\/\/www.kalts.ee\/index.php?rest_route=\/wp\/v2\/pages"}],"about":[{"href":"https:\/\/www.kalts.ee\/index.php?rest_route=\/wp\/v2\/types\/page"}],"author":[{"embeddable":true,"href":"https:\/\/www.kalts.ee\/index.php?rest_route=\/wp\/v2\/users\/1"}],"replies":[{"embeddable":true,"href":"https:\/\/www.kalts.ee\/index.php?rest_route=%2Fwp%2Fv2%2Fcomments&post=714"}],"version-history":[{"count":1,"href":"https:\/\/www.kalts.ee\/index.php?rest_route=\/wp\/v2\/pages\/714\/revisions"}],"predecessor-version":[{"id":715,"href":"https:\/\/www.kalts.ee\/index.php?rest_route=\/wp\/v2\/pages\/714\/revisions\/715"}],"wp:attachment":[{"href":"https:\/\/www.kalts.ee\/index.php?rest_route=%2Fwp%2Fv2%2Fmedia&parent=714"}],"curies":[{"name":"wp","href":"https:\/\/api.w.org\/{rel}","templated":true}]}}